{"id":22,"date":"2021-08-24T10:55:54","date_gmt":"2021-08-24T10:55:54","guid":{"rendered":"https:\/\/emeredge-wp.eliott-markus.digital\/?page_id=22"},"modified":"2021-11-23T11:47:07","modified_gmt":"2021-11-23T11:47:07","slug":"equipe","status":"publish","type":"page","link":"https:\/\/www.emeredge.com\/fr\/equipe\/","title":{"rendered":"\u00c9quipe"},"content":{"rendered":"","protected":false},"excerpt":{"rendered":"","protected":false},"author":1,"featured_media":0,"parent":0,"menu_order":7,"comment_status":"closed","ping_status":"closed","template":"pages\/equipe.php","meta":{"_acf_changed":false,"footnotes":""},"class_list":["post-22","page","type-page","status-publish","hentry"],"acf":[],"yoast_head":"<!-- This site is optimized with the Yoast SEO plugin v27.1.1 - https:\/\/yoast.com\/product\/yoast-seo-wordpress\/ -->\n<title>Notre \u00e9quipe - Coordination de projets d\u2019internationalisation | Emeredge<\/title>\n<meta name=\"description\" content=\"Notre \u00e9quipe multiculturelle et pluridisciplinaire vous permet d\u2019aborder avec s\u00e9r\u00e9nit\u00e9 l\u2019\u00e9cart r\u00e9glementaire et culturel entre le march\u00e9 europ\u00e9en et am\u00e9ricain.\" \/>\n<meta name=\"robots\" content=\"index, follow, max-snippet:-1, max-image-preview:large, max-video-preview:-1\" \/>\n<link rel=\"canonical\" href=\"https:\/\/www.emeredge.com\/fr\/equipe\/\" \/>\n<meta property=\"og:locale\" content=\"fr_FR\" \/>\n<meta property=\"og:type\" content=\"article\" \/>\n<meta property=\"og:title\" content=\"Notre \u00e9quipe - Coordination de projets d\u2019internationalisation | Emeredge\" \/>\n<meta property=\"og:description\" content=\"Notre \u00e9quipe multiculturelle et pluridisciplinaire vous permet d\u2019aborder avec s\u00e9r\u00e9nit\u00e9 l\u2019\u00e9cart r\u00e9glementaire et culturel entre le march\u00e9 europ\u00e9en et am\u00e9ricain.\" \/>\n<meta property=\"og:url\" content=\"https:\/\/www.emeredge.com\/fr\/equipe\/\" \/>\n<meta property=\"og:site_name\" content=\"Emeredge\" \/>\n<meta property=\"article:modified_time\" content=\"2021-11-23T11:47:07+00:00\" \/>\n<meta name=\"twitter:card\" content=\"summary_large_image\" \/>\n<script type=\"application\/ld+json\" class=\"yoast-schema-graph\">{\"@context\":\"https:\/\/schema.org\",\"@graph\":[{\"@type\":\"WebPage\",\"@id\":\"https:\/\/www.emeredge.com\/fr\/equipe\/\",\"url\":\"https:\/\/www.emeredge.com\/fr\/equipe\/\",\"name\":\"Notre \u00e9quipe - Coordination de projets d\u2019internationalisation | Emeredge\",\"isPartOf\":{\"@id\":\"https:\/\/www.emeredge.com\/fr\/#website\"},\"datePublished\":\"2021-08-24T10:55:54+00:00\",\"dateModified\":\"2021-11-23T11:47:07+00:00\",\"description\":\"Notre \u00e9quipe multiculturelle et pluridisciplinaire vous permet d\u2019aborder avec s\u00e9r\u00e9nit\u00e9 l\u2019\u00e9cart r\u00e9glementaire et culturel entre le march\u00e9 europ\u00e9en et am\u00e9ricain.\",\"breadcrumb\":{\"@id\":\"https:\/\/www.emeredge.com\/fr\/equipe\/#breadcrumb\"},\"inLanguage\":\"fr-FR\",\"potentialAction\":[{\"@type\":\"ReadAction\",\"target\":[\"https:\/\/www.emeredge.com\/fr\/equipe\/\"]}]},{\"@type\":\"BreadcrumbList\",\"@id\":\"https:\/\/www.emeredge.com\/fr\/equipe\/#breadcrumb\",\"itemListElement\":[{\"@type\":\"ListItem\",\"position\":1,\"name\":\"Accueil\",\"item\":\"https:\/\/www.emeredge.com\/fr\/\"},{\"@type\":\"ListItem\",\"position\":2,\"name\":\"\u00c9quipe\"}]},{\"@type\":\"WebSite\",\"@id\":\"https:\/\/www.emeredge.com\/fr\/#website\",\"url\":\"https:\/\/www.emeredge.com\/fr\/\",\"name\":\"Emeredge\",\"description\":\"Emeredge\",\"potentialAction\":[{\"@type\":\"SearchAction\",\"target\":{\"@type\":\"EntryPoint\",\"urlTemplate\":\"https:\/\/www.emeredge.com\/fr\/?s={search_term_string}\"},\"query-input\":{\"@type\":\"PropertyValueSpecification\",\"valueRequired\":true,\"valueName\":\"search_term_string\"}}],\"inLanguage\":\"fr-FR\"}]}<\/script>\n<!-- \/ Yoast SEO plugin. -->","yoast_head_json":{"title":"Notre \u00e9quipe - Coordination de projets d\u2019internationalisation | Emeredge","description":"Notre \u00e9quipe multiculturelle et pluridisciplinaire vous permet d\u2019aborder avec s\u00e9r\u00e9nit\u00e9 l\u2019\u00e9cart r\u00e9glementaire et culturel entre le march\u00e9 europ\u00e9en et am\u00e9ricain.","robots":{"index":"index","follow":"follow","max-snippet":"max-snippet:-1","max-image-preview":"max-image-preview:large","max-video-preview":"max-video-preview:-1"},"canonical":"https:\/\/www.emeredge.com\/fr\/equipe\/","og_locale":"fr_FR","og_type":"article","og_title":"Notre \u00e9quipe - Coordination de projets d\u2019internationalisation | Emeredge","og_description":"Notre \u00e9quipe multiculturelle et pluridisciplinaire vous permet d\u2019aborder avec s\u00e9r\u00e9nit\u00e9 l\u2019\u00e9cart r\u00e9glementaire et culturel entre le march\u00e9 europ\u00e9en et am\u00e9ricain.","og_url":"https:\/\/www.emeredge.com\/fr\/equipe\/","og_site_name":"Emeredge","article_modified_time":"2021-11-23T11:47:07+00:00","twitter_card":"summary_large_image","schema":{"@context":"https:\/\/schema.org","@graph":[{"@type":"WebPage","@id":"https:\/\/www.emeredge.com\/fr\/equipe\/","url":"https:\/\/www.emeredge.com\/fr\/equipe\/","name":"Notre \u00e9quipe - Coordination de projets d\u2019internationalisation | Emeredge","isPartOf":{"@id":"https:\/\/www.emeredge.com\/fr\/#website"},"datePublished":"2021-08-24T10:55:54+00:00","dateModified":"2021-11-23T11:47:07+00:00","description":"Notre \u00e9quipe multiculturelle et pluridisciplinaire vous permet d\u2019aborder avec s\u00e9r\u00e9nit\u00e9 l\u2019\u00e9cart r\u00e9glementaire et culturel entre le march\u00e9 europ\u00e9en et am\u00e9ricain.","breadcrumb":{"@id":"https:\/\/www.emeredge.com\/fr\/equipe\/#breadcrumb"},"inLanguage":"fr-FR","potentialAction":[{"@type":"ReadAction","target":["https:\/\/www.emeredge.com\/fr\/equipe\/"]}]},{"@type":"BreadcrumbList","@id":"https:\/\/www.emeredge.com\/fr\/equipe\/#breadcrumb","itemListElement":[{"@type":"ListItem","position":1,"name":"Accueil","item":"https:\/\/www.emeredge.com\/fr\/"},{"@type":"ListItem","position":2,"name":"\u00c9quipe"}]},{"@type":"WebSite","@id":"https:\/\/www.emeredge.com\/fr\/#website","url":"https:\/\/www.emeredge.com\/fr\/","name":"Emeredge","description":"Emeredge","potentialAction":[{"@type":"SearchAction","target":{"@type":"EntryPoint","urlTemplate":"https:\/\/www.emeredge.com\/fr\/?s={search_term_string}"},"query-input":{"@type":"PropertyValueSpecification","valueRequired":true,"valueName":"search_term_string"}}],"inLanguage":"fr-FR"}]}},"_links":{"self":[{"href":"https:\/\/www.emeredge.com\/fr\/wp-json\/wp\/v2\/pages\/22","targetHints":{"allow":["GET"]}}],"collection":[{"href":"https:\/\/www.emeredge.com\/fr\/wp-json\/wp\/v2\/pages"}],"about":[{"href":"https:\/\/www.emeredge.com\/fr\/wp-json\/wp\/v2\/types\/page"}],"author":[{"embeddable":true,"href":"https:\/\/www.emeredge.com\/fr\/wp-json\/wp\/v2\/users\/1"}],"replies":[{"embeddable":true,"href":"https:\/\/www.emeredge.com\/fr\/wp-json\/wp\/v2\/comments?post=22"}],"version-history":[{"count":30,"href":"https:\/\/www.emeredge.com\/fr\/wp-json\/wp\/v2\/pages\/22\/revisions"}],"predecessor-version":[{"id":1013,"href":"https:\/\/www.emeredge.com\/fr\/wp-json\/wp\/v2\/pages\/22\/revisions\/1013"}],"wp:attachment":[{"href":"https:\/\/www.emeredge.com\/fr\/wp-json\/wp\/v2\/media?parent=22"}],"curies":[{"name":"wp","href":"https:\/\/api.w.org\/{rel}","templated":true}]}}